{"id":11463,"date":"2025-04-30T09:10:29","date_gmt":"2025-04-30T07:10:29","guid":{"rendered":"https:\/\/biasinijewelry.it\/?post_type=product&#038;p=11463"},"modified":"2025-04-30T09:17:25","modified_gmt":"2025-04-30T07:17:25","slug":"max-bill-damen-blue","status":"publish","type":"product","link":"https:\/\/biasinijewelry.it\/de\/prodotto\/max-bill-damen-blue\/","title":{"rendered":"Max Bill Damen &#8211; blue"},"content":{"rendered":"<header class=\"product--header\">\n<div class=\"product--info\">\n<div class=\"product--description\">For Ladies only: Frische Farben setzen willkommene Akzente im puristischen Design. Armb\u00e4nder mit Quick-Release erm\u00f6glichen einen schnellen und einfachen Bandwechsel f\u00fcr das passende Accessoire zum Outfit. Die Damenmodelle der max bill Linie spiegeln wider, was ihrem Namensgeber stets am Herzen lag: die Verbindung von Gebrauchswert und Sch\u00f6nheit.<\/div>\n<\/div>\n<\/header>\n","protected":false},"excerpt":{"rendered":"<p><strong>Technologie<\/strong><br \/>\nQuarzwerk J643.29<\/p>\n<p><strong>Funktion<\/strong><br \/>\nDatum<\/p>\n<p><strong>Geh\u00e4use<\/strong><br \/>\nEdelstahl, \u00d8 32,7 mm, H\u00f6he 6,9 mm<\/p>\n<p><strong>Glas<\/strong><br \/>\nentspiegeltes Saphirglas<\/p>\n<p><strong>Zifferblatt<\/strong><br \/>\nWei\u00df matt, Minuterie und Zeiger mit umweltfreundlicher Leuchtmasse<\/p>\n<p><strong>Wasserdichte<\/strong><br \/>\nWasserdicht bis 5 bar<\/p>\n<p><strong>Armband<\/strong><br \/>\nLederband mit Dornschlie\u00dfe aus Edelstahl<\/p>\n","protected":false},"featured_media":11467,"template":"","meta":{"_acf_changed":false,"inline_featured_image":false},"product_brand":[],"product_cat":[485,475],"product_tag":[],"class_list":{"0":"post-11463","1":"product","2":"type-product","3":"status-publish","4":"has-post-thumbnail","6":"product_cat-junghans","7":"product_cat-uhren","9":"first","10":"instock","11":"shipping-taxable","12":"purchasable","13":"product-type-simple"},"acf":[],"_links":{"self":[{"href":"https:\/\/biasinijewelry.it\/de\/wp-json\/wp\/v2\/product\/11463","targetHints":{"allow":["GET"]}}],"collection":[{"href":"https:\/\/biasinijewelry.it\/de\/wp-json\/wp\/v2\/product"}],"about":[{"href":"https:\/\/biasinijewelry.it\/de\/wp-json\/wp\/v2\/types\/product"}],"wp:featuredmedia":[{"embeddable":true,"href":"https:\/\/biasinijewelry.it\/de\/wp-json\/wp\/v2\/media\/11467"}],"wp:attachment":[{"href":"https:\/\/biasinijewelry.it\/de\/wp-json\/wp\/v2\/media?parent=11463"}],"wp:term":[{"taxonomy":"product_brand","embeddable":true,"href":"https:\/\/biasinijewelry.it\/de\/wp-json\/wp\/v2\/product_brand?post=11463"},{"taxonomy":"product_cat","embeddable":true,"href":"https:\/\/biasinijewelry.it\/de\/wp-json\/wp\/v2\/product_cat?post=11463"},{"taxonomy":"product_tag","embeddable":true,"href":"https:\/\/biasinijewelry.it\/de\/wp-json\/wp\/v2\/product_tag?post=11463"}],"curies":[{"name":"wp","href":"https:\/\/api.w.org\/{rel}","templated":true}]}}