{"id":12372,"date":"2025-05-26T10:12:07","date_gmt":"2025-05-26T08:12:07","guid":{"rendered":"https:\/\/biasinijewelry.it\/prodotto\/pesavento-anello-elegance-wplva1883-l\/"},"modified":"2025-05-26T10:15:48","modified_gmt":"2025-05-26T08:15:48","slug":"pesavento-anello-elegance-wplva1883-l","status":"publish","type":"product","link":"https:\/\/biasinijewelry.it\/de\/prodotto\/pesavento-anello-elegance-wplva1883-l\/","title":{"rendered":"Pesavento Ring  Elegance &#8211; WPLVA1883-L"},"content":{"rendered":"<p>For its Elegance line, Pesavento has used the harmonious shapes of timeless jewellery design. Two bright circles are united to create the Elegance Meet line.<\/p>\n","protected":false},"excerpt":{"rendered":"<ul>\n<li>Ring Elegance Silber 925 platiniert Ros\u00e9gold gl\u00e4nzend und Rhodium gl\u00e4nzend<\/li>\n<li>Ringgr\u00f6\u00dfe <strong>L<\/strong> (60-62)<\/li>\n<\/ul>\n","protected":false},"featured_media":12370,"template":"","meta":{"_acf_changed":false,"inline_featured_image":false},"product_brand":[],"product_cat":[481,464],"product_tag":[],"class_list":{"0":"post-12372","1":"product","2":"type-product","3":"status-publish","4":"has-post-thumbnail","6":"product_cat-pesavento-de","7":"product_cat-ringe","9":"first","10":"instock","11":"shipping-taxable","12":"purchasable","13":"product-type-simple"},"acf":[],"_links":{"self":[{"href":"https:\/\/biasinijewelry.it\/de\/wp-json\/wp\/v2\/product\/12372","targetHints":{"allow":["GET"]}}],"collection":[{"href":"https:\/\/biasinijewelry.it\/de\/wp-json\/wp\/v2\/product"}],"about":[{"href":"https:\/\/biasinijewelry.it\/de\/wp-json\/wp\/v2\/types\/product"}],"wp:featuredmedia":[{"embeddable":true,"href":"https:\/\/biasinijewelry.it\/de\/wp-json\/wp\/v2\/media\/12370"}],"wp:attachment":[{"href":"https:\/\/biasinijewelry.it\/de\/wp-json\/wp\/v2\/media?parent=12372"}],"wp:term":[{"taxonomy":"product_brand","embeddable":true,"href":"https:\/\/biasinijewelry.it\/de\/wp-json\/wp\/v2\/product_brand?post=12372"},{"taxonomy":"product_cat","embeddable":true,"href":"https:\/\/biasinijewelry.it\/de\/wp-json\/wp\/v2\/product_cat?post=12372"},{"taxonomy":"product_tag","embeddable":true,"href":"https:\/\/biasinijewelry.it\/de\/wp-json\/wp\/v2\/product_tag?post=12372"}],"curies":[{"name":"wp","href":"https:\/\/api.w.org\/{rel}","templated":true}]}}