{"id":12594,"date":"2025-05-26T19:50:52","date_gmt":"2025-05-26T17:50:52","guid":{"rendered":"https:\/\/biasinijewelry.it\/prodotto\/flowing-freshly\/"},"modified":"2025-05-27T10:24:28","modified_gmt":"2025-05-27T08:24:28","slug":"flowing-freshly","status":"publish","type":"product","link":"https:\/\/biasinijewelry.it\/de\/prodotto\/flowing-freshly\/","title":{"rendered":"FLOWING FRESHLY"},"content":{"rendered":"<p class=\"p1\">Swatch: von ikonischen Klassikern bis hin zu auff\u00e4lligen zeitgen\u00f6ssischen Designs und Hommagen an die Popkultur &#8211; egal, ob Sie Ihren Stil unterstreichen oder Ihre ironische Seite zeigen wollen, Sie werden sicher die perfekte Uhr f\u00fcr sich finden.<\/p>\n","protected":false},"excerpt":{"rendered":"<p>Hellgr\u00fcnes, rundes Kunststoffgeh\u00e4use &#8211; Gr\u00fcnes SILIKONband mit gelbem Aufdruck &#8211; Quarz &#8211; 42 mm<\/p>\n","protected":false},"featured_media":12279,"template":"","meta":{"_acf_changed":false,"inline_featured_image":false},"product_brand":[],"product_cat":[501],"product_tag":[],"class_list":{"0":"post-12594","1":"product","2":"type-product","3":"status-publish","4":"has-post-thumbnail","6":"product_cat-swatch-de","8":"first","9":"instock","10":"shipping-taxable","11":"purchasable","12":"product-type-simple"},"acf":[],"_links":{"self":[{"href":"https:\/\/biasinijewelry.it\/de\/wp-json\/wp\/v2\/product\/12594","targetHints":{"allow":["GET"]}}],"collection":[{"href":"https:\/\/biasinijewelry.it\/de\/wp-json\/wp\/v2\/product"}],"about":[{"href":"https:\/\/biasinijewelry.it\/de\/wp-json\/wp\/v2\/types\/product"}],"wp:featuredmedia":[{"embeddable":true,"href":"https:\/\/biasinijewelry.it\/de\/wp-json\/wp\/v2\/media\/12279"}],"wp:attachment":[{"href":"https:\/\/biasinijewelry.it\/de\/wp-json\/wp\/v2\/media?parent=12594"}],"wp:term":[{"taxonomy":"product_brand","embeddable":true,"href":"https:\/\/biasinijewelry.it\/de\/wp-json\/wp\/v2\/product_brand?post=12594"},{"taxonomy":"product_cat","embeddable":true,"href":"https:\/\/biasinijewelry.it\/de\/wp-json\/wp\/v2\/product_cat?post=12594"},{"taxonomy":"product_tag","embeddable":true,"href":"https:\/\/biasinijewelry.it\/de\/wp-json\/wp\/v2\/product_tag?post=12594"}],"curies":[{"name":"wp","href":"https:\/\/api.w.org\/{rel}","templated":true}]}}