{"id":12986,"date":"2025-06-03T09:48:50","date_gmt":"2025-06-03T07:48:50","guid":{"rendered":"https:\/\/biasinijewelry.it\/prodotto\/ciondolo-sagoma-bimbo-in-oro-giallo-con-cuore-in-oro-bianco-le-bebe-lbb060\/"},"modified":"2025-06-03T09:52:04","modified_gmt":"2025-06-03T07:52:04","slug":"ciondolo-sagoma-bimbo-in-oro-giallo-con-cuore-in-oro-bianco-le-bebe-lbb060","status":"publish","type":"product","link":"https:\/\/biasinijewelry.it\/de\/prodotto\/ciondolo-sagoma-bimbo-in-oro-giallo-con-cuore-in-oro-bianco-le-bebe-lbb060\/","title":{"rendered":"Baby-Silhouetten-Anh\u00e4nger aus  Gelbgold mit Herz aus Wei\u00dfgold Le Beb\u00e9 &#8211; LBB060"},"content":{"rendered":"<p>Heute steht leBeb\u00e9 immer mehr im Einklang mit der neuen Generation von Frauen und M\u00fcttern und verbindet die unnachahmliche Silhouette mit einer Welt von kostbarem Schmuck, der die wichtigsten Momente zelebriert und das t\u00e4gliche Leben erhellt.<\/p>\n<p>Schmuck made in Italy, der die Frauen auf einer einzigartigen und aufregenden Reise begleiten soll;ins M\u00fctter werden.<\/p>\n","protected":false},"excerpt":{"rendered":"<p>Baby-Silhouetten-Anh\u00e4nger aus 9kt Gelbgold mit Herz aus 9kt Wei\u00dfgold, besetzt mit 0,03 Karat Diamanten, an schwarzer Kordel<\/p>\n<ul>\n<li>H\u00f6he: 1,4 cm<\/li>\n<li>Breite: 1,2 cm<\/li>\n<\/ul>\n","protected":false},"featured_media":12984,"template":"","meta":{"_acf_changed":false,"inline_featured_image":false},"product_brand":[],"product_cat":[469,498],"product_tag":[],"class_list":{"0":"post-12986","1":"product","2":"type-product","3":"status-publish","4":"has-post-thumbnail","6":"product_cat-halsschmuck","7":"product_cat-lebebe-de","9":"first","10":"instock","11":"shipping-taxable","12":"purchasable","13":"product-type-simple"},"acf":[],"_links":{"self":[{"href":"https:\/\/biasinijewelry.it\/de\/wp-json\/wp\/v2\/product\/12986","targetHints":{"allow":["GET"]}}],"collection":[{"href":"https:\/\/biasinijewelry.it\/de\/wp-json\/wp\/v2\/product"}],"about":[{"href":"https:\/\/biasinijewelry.it\/de\/wp-json\/wp\/v2\/types\/product"}],"wp:featuredmedia":[{"embeddable":true,"href":"https:\/\/biasinijewelry.it\/de\/wp-json\/wp\/v2\/media\/12984"}],"wp:attachment":[{"href":"https:\/\/biasinijewelry.it\/de\/wp-json\/wp\/v2\/media?parent=12986"}],"wp:term":[{"taxonomy":"product_brand","embeddable":true,"href":"https:\/\/biasinijewelry.it\/de\/wp-json\/wp\/v2\/product_brand?post=12986"},{"taxonomy":"product_cat","embeddable":true,"href":"https:\/\/biasinijewelry.it\/de\/wp-json\/wp\/v2\/product_cat?post=12986"},{"taxonomy":"product_tag","embeddable":true,"href":"https:\/\/biasinijewelry.it\/de\/wp-json\/wp\/v2\/product_tag?post=12986"}],"curies":[{"name":"wp","href":"https:\/\/api.w.org\/{rel}","templated":true}]}}