{"id":14893,"date":"2025-06-16T09:42:52","date_gmt":"2025-06-16T07:42:52","guid":{"rendered":"https:\/\/biasinijewelry.it\/prodotto\/orecchini-le-bebe-al-lobo-con-maschietto-le-bebe-lbb050\/"},"modified":"2025-06-16T09:50:37","modified_gmt":"2025-06-16T07:50:37","slug":"orecchini-le-bebe-al-lobo-con-maschietto-le-bebe-lbb050","status":"publish","type":"product","link":"https:\/\/biasinijewelry.it\/de\/prodotto\/orecchini-le-bebe-al-lobo-con-maschietto-le-bebe-lbb050\/","title":{"rendered":"Le Beb\u00e9 Ohrringe mit Kind &#8211; Le Beb\u00e9 &#8211; LBB050"},"content":{"rendered":"<p>Heute steht leBeb\u00e9 immer mehr im Einklang mit der neuen Generation von Frauen und M\u00fcttern und verbindet die unnachahmliche Silhouette mit einer Welt von kostbarem Schmuck, der die wichtigsten Momente zelebriert und das t\u00e4gliche Leben erhellt.<\/p>\n<p>Schmuck made in Italy, der die Frauen auf einer einzigartigen und aufregenden Reise begleiten soll;<\/p>\n<p>ins M\u00fctter werden.<\/p>\n","protected":false},"excerpt":{"rendered":"<p>Le Beb\u00e9 Ohrringe mit Kind aus 9 Kt Gelbgold.<\/p>\n<ul>\n<li>H\u00f6he 1,00 cm<\/li>\n<li>Breite 0,90 cm<\/li>\n<\/ul>\n","protected":false},"featured_media":14891,"template":"","meta":{"_acf_changed":false,"inline_featured_image":false},"product_brand":[],"product_cat":[498,472],"product_tag":[],"class_list":{"0":"post-14893","1":"product","2":"type-product","3":"status-publish","4":"has-post-thumbnail","6":"product_cat-lebebe-de","7":"product_cat-ohrringe","9":"first","10":"instock","11":"shipping-taxable","12":"purchasable","13":"product-type-simple"},"acf":[],"_links":{"self":[{"href":"https:\/\/biasinijewelry.it\/de\/wp-json\/wp\/v2\/product\/14893","targetHints":{"allow":["GET"]}}],"collection":[{"href":"https:\/\/biasinijewelry.it\/de\/wp-json\/wp\/v2\/product"}],"about":[{"href":"https:\/\/biasinijewelry.it\/de\/wp-json\/wp\/v2\/types\/product"}],"wp:featuredmedia":[{"embeddable":true,"href":"https:\/\/biasinijewelry.it\/de\/wp-json\/wp\/v2\/media\/14891"}],"wp:attachment":[{"href":"https:\/\/biasinijewelry.it\/de\/wp-json\/wp\/v2\/media?parent=14893"}],"wp:term":[{"taxonomy":"product_brand","embeddable":true,"href":"https:\/\/biasinijewelry.it\/de\/wp-json\/wp\/v2\/product_brand?post=14893"},{"taxonomy":"product_cat","embeddable":true,"href":"https:\/\/biasinijewelry.it\/de\/wp-json\/wp\/v2\/product_cat?post=14893"},{"taxonomy":"product_tag","embeddable":true,"href":"https:\/\/biasinijewelry.it\/de\/wp-json\/wp\/v2\/product_tag?post=14893"}],"curies":[{"name":"wp","href":"https:\/\/api.w.org\/{rel}","templated":true}]}}