{"id":15003,"date":"2025-06-18T09:29:40","date_gmt":"2025-06-18T07:29:40","guid":{"rendered":"https:\/\/biasinijewelry.it\/prodotto\/aikon-automatic-ceramic-42mm\/"},"modified":"2025-06-18T09:29:40","modified_gmt":"2025-06-18T07:29:40","slug":"aikon-automatic-ceramic-42mm","status":"publish","type":"product","link":"https:\/\/biasinijewelry.it\/de\/prodotto\/aikon-automatic-ceramic-42mm\/","title":{"rendered":"AIKON AUTOMATIC CERAMIC 42MM"},"content":{"rendered":"<div class=\"col-sm-12 col-lg-5 d-lg-flex d-none details flex-column collapsible-xs \">\n<div class=\"col-sm-12\">\n<div id=\"collapsible-details-1\" class=\"value content\">\n<div class=\"col-sm-12 col-lg-5 d-lg-flex d-none details flex-column collapsible-xs \">\n<div class=\"col-sm-12\">\n<div id=\"collapsible-details-1\" class=\"value content\">Inspiriert vom urbanen Stil, zeitgen\u00f6ssischer \u00c4sthetik, ergonomischem Design und einem mechanischen Herz ist dies der ideale Begleiter f\u00fcr das Stadtleben. Mit seinem verspielten Einsatz von Kontrasten und Formen setzt die AIKON Automatic ein mutiges Statement.<\/div>\n<\/div>\n<\/div>\n<div class=\"col-sm-12 col-lg-5 d-lg-flex d-none description flex-column collapsible-xs \">\n<div class=\"col-sm-12 p-0\"><\/div>\n<\/div>\n<\/div>\n<\/div>\n<\/div>\n","protected":false},"excerpt":{"rendered":"<ul>\n<li class=\"attribute-values\"><span class=\"attribute-values__label\">DURCHMESSER:\u00a0<\/span>42 mm<\/li>\n<li class=\"attribute-values\"><span class=\"attribute-values__label\">MATERIAL:\u00a0<\/span>Keramik<\/li>\n<li class=\"attribute-values\"><span class=\"attribute-values__label\">VEREDELUNG:\u00a0<\/span>Sandgestrahlt<\/li>\n<li class=\"attribute-values\"><span class=\"attribute-values__label\">H\u00d6HE:\u00a0<\/span>11 mm<\/li>\n<li class=\"attribute-values\"><span class=\"attribute-values__label\">VORDERES GLAS:\u00a0<\/span>Saphirglas mit doppelter Antireflexionsbeschichtung<\/li>\n<li class=\"attribute-values\"><span class=\"attribute-values__label\">GEH\u00c4USER\u00dcCKSEITE:\u00a0<\/span>Offener Geh\u00e4useboden mit Saphirglas mit Anti-Reflexbeschichtung<\/li>\n<li class=\"attribute-values\"><span class=\"attribute-values__label\">L\u00dcNETTE:\u00a0<\/span>L\u00fcnette mit auff\u00e4lligem Design aus sechs &#8222;Krallen&#8220;<\/li>\n<li class=\"attribute-values\"><span class=\"attribute-values__label\">KRONE:\u00a0<\/span>Verschraubte Krone<\/li>\n<li class=\"attribute-values\"><span class=\"attribute-values__label\">WASSERDICHTIGKEIT:\u00a0<\/span>Wasserdicht bis 20 ATM<\/li>\n<\/ul>\n","protected":false},"featured_media":15001,"template":"","meta":{"_acf_changed":false,"inline_featured_image":false},"product_brand":[],"product_cat":[528,475],"product_tag":[],"class_list":{"0":"post-15003","1":"product","2":"type-product","3":"status-publish","4":"has-post-thumbnail","6":"product_cat-maurice-lacroix","7":"product_cat-uhren","9":"first","10":"instock","11":"shipping-taxable","12":"purchasable","13":"product-type-simple"},"acf":[],"_links":{"self":[{"href":"https:\/\/biasinijewelry.it\/de\/wp-json\/wp\/v2\/product\/15003","targetHints":{"allow":["GET"]}}],"collection":[{"href":"https:\/\/biasinijewelry.it\/de\/wp-json\/wp\/v2\/product"}],"about":[{"href":"https:\/\/biasinijewelry.it\/de\/wp-json\/wp\/v2\/types\/product"}],"wp:featuredmedia":[{"embeddable":true,"href":"https:\/\/biasinijewelry.it\/de\/wp-json\/wp\/v2\/media\/15001"}],"wp:attachment":[{"href":"https:\/\/biasinijewelry.it\/de\/wp-json\/wp\/v2\/media?parent=15003"}],"wp:term":[{"taxonomy":"product_brand","embeddable":true,"href":"https:\/\/biasinijewelry.it\/de\/wp-json\/wp\/v2\/product_brand?post=15003"},{"taxonomy":"product_cat","embeddable":true,"href":"https:\/\/biasinijewelry.it\/de\/wp-json\/wp\/v2\/product_cat?post=15003"},{"taxonomy":"product_tag","embeddable":true,"href":"https:\/\/biasinijewelry.it\/de\/wp-json\/wp\/v2\/product_tag?post=15003"}],"curies":[{"name":"wp","href":"https:\/\/api.w.org\/{rel}","templated":true}]}}