{"id":15465,"date":"2025-06-18T10:59:07","date_gmt":"2025-06-18T08:59:07","guid":{"rendered":"https:\/\/biasinijewelry.it\/prodotto\/rado-true-square-3\/"},"modified":"2025-06-18T10:59:07","modified_gmt":"2025-06-18T08:59:07","slug":"rado-true-square-3","status":"publish","type":"product","link":"https:\/\/biasinijewelry.it\/de\/prodotto\/rado-true-square-3\/","title":{"rendered":"Rado True Square"},"content":{"rendered":"<p>Rado ist eine Schweizer Uhrenmarke, die f\u00fcr ihre Innovationen und die Verwendung von Hightech-Materialien, insbesondere Keramik, f\u00fcr die Herstellung widerstandsf\u00e4higer und eleganter Uhren bekannt ist. Das Unternehmen ist bekannt f\u00fcr seine Geschichte der Innovation in der Uhrmacherkunst und sein Augenmerk auf avantgardistisches Design. <\/p>\n","protected":false},"excerpt":{"rendered":"<p>&#8222;Uhrwerkstyp<br \/>\nAutomatik<br \/>\nGangreserve<br \/>\n80 Stunden<br \/>\nGeh\u00e4usematerial<br \/>\nHigh-Tech-Keramik<br \/>\nGeh\u00e4usedicke<br \/>\n9,7 mm<br \/>\nGeh\u00e4useform<br \/>\nQuadratisch<br \/>\nGeh\u00e4usefarbe<br \/>\nDunkel<br \/>\nGeh\u00e4useabmessungen<br \/>\n38,0 mm<br \/>\nWasserdichtigkeit des Geh\u00e4uses<br \/>\n5 bar (50 m)<br \/>\nZifferblattfarben<br \/>\nSchwarz<br \/>\nArmbandmaterialien<br \/>\nHigh-Tech-Keramik<br \/>\nArmbandfarben<br \/>\nSchwarz&#8220;<\/p>\n","protected":false},"featured_media":15263,"template":"","meta":{"_acf_changed":false,"inline_featured_image":false},"product_brand":[],"product_cat":[511],"product_tag":[576,579,577,564,578,562,565,582,580,581,561,563],"class_list":{"0":"post-15465","1":"product","2":"type-product","3":"status-publish","4":"has-post-thumbnail","6":"product_cat-rado-de","7":"product_tag-automatic","8":"product_tag-black","9":"product_tag-ceramic","10":"product_tag-collection-book","11":"product_tag-lifestyle","12":"product_tag-men","13":"product_tag-museum","14":"product_tag-skeleton","15":"product_tag-square","16":"product_tag-true-square","17":"product_tag-unisex","18":"product_tag-women","20":"first","21":"instock","22":"shipping-taxable","23":"purchasable","24":"product-type-simple"},"acf":[],"_links":{"self":[{"href":"https:\/\/biasinijewelry.it\/de\/wp-json\/wp\/v2\/product\/15465","targetHints":{"allow":["GET"]}}],"collection":[{"href":"https:\/\/biasinijewelry.it\/de\/wp-json\/wp\/v2\/product"}],"about":[{"href":"https:\/\/biasinijewelry.it\/de\/wp-json\/wp\/v2\/types\/product"}],"wp:featuredmedia":[{"embeddable":true,"href":"https:\/\/biasinijewelry.it\/de\/wp-json\/wp\/v2\/media\/15263"}],"wp:attachment":[{"href":"https:\/\/biasinijewelry.it\/de\/wp-json\/wp\/v2\/media?parent=15465"}],"wp:term":[{"taxonomy":"product_brand","embeddable":true,"href":"https:\/\/biasinijewelry.it\/de\/wp-json\/wp\/v2\/product_brand?post=15465"},{"taxonomy":"product_cat","embeddable":true,"href":"https:\/\/biasinijewelry.it\/de\/wp-json\/wp\/v2\/product_cat?post=15465"},{"taxonomy":"product_tag","embeddable":true,"href":"https:\/\/biasinijewelry.it\/de\/wp-json\/wp\/v2\/product_tag?post=15465"}],"curies":[{"name":"wp","href":"https:\/\/api.w.org\/{rel}","templated":true}]}}