{"id":15697,"date":"2025-06-04T11:43:41","date_gmt":"2025-06-04T09:43:41","guid":{"rendered":"https:\/\/biasinijewelry.it\/prodotto\/multifort-tv-35\/"},"modified":"2025-06-04T11:43:41","modified_gmt":"2025-06-04T09:43:41","slug":"multifort-tv-35","status":"publish","type":"product","link":"https:\/\/biasinijewelry.it\/de\/prodotto\/multifort-tv-35\/","title":{"rendered":"Multifort TV 35"},"content":{"rendered":"<p>Mido ist eine 1918 gegr\u00fcndete Schweizer Uhrenmarke, die hochwertige Zeitmesser mit Fokus auf Pr\u00e4zision, Funktionalit\u00e4t und Design fertigt. Der Name leitet sich von der spanischen Wendung \u201eyo mido\u201c ab und bedeutet \u201eich messe\u201c. Mido ist bekannt f\u00fcr seine Philosophie, Uhren zu schaffen, die Tradition und Innovation mit einem unverwechselbaren Stil verbinden.<\/p>\n","protected":false},"excerpt":{"rendered":"<p>Edelstahl mit ros\u00e9goldfarbener PVD-Beschichtung<br \/>\nSaphirglas mit beidseitiger Antireflexbeschichtung<br \/>\nBraun<br \/>\nGangreserve von 72 Stunden<br \/>\nWasserdicht bis 10 bar (100 m \/ 330 ft)<br \/>\nMido Automatikwerk (ETA)<\/p>\n","protected":false},"featured_media":14595,"template":"","meta":{"_acf_changed":false,"inline_featured_image":false},"product_brand":[],"product_cat":[504],"product_tag":[],"class_list":{"0":"post-15697","1":"product","2":"type-product","3":"status-publish","4":"has-post-thumbnail","6":"product_cat-mido","8":"first","9":"instock","10":"shipping-taxable","11":"purchasable","12":"product-type-simple"},"acf":[],"_links":{"self":[{"href":"https:\/\/biasinijewelry.it\/de\/wp-json\/wp\/v2\/product\/15697","targetHints":{"allow":["GET"]}}],"collection":[{"href":"https:\/\/biasinijewelry.it\/de\/wp-json\/wp\/v2\/product"}],"about":[{"href":"https:\/\/biasinijewelry.it\/de\/wp-json\/wp\/v2\/types\/product"}],"wp:featuredmedia":[{"embeddable":true,"href":"https:\/\/biasinijewelry.it\/de\/wp-json\/wp\/v2\/media\/14595"}],"wp:attachment":[{"href":"https:\/\/biasinijewelry.it\/de\/wp-json\/wp\/v2\/media?parent=15697"}],"wp:term":[{"taxonomy":"product_brand","embeddable":true,"href":"https:\/\/biasinijewelry.it\/de\/wp-json\/wp\/v2\/product_brand?post=15697"},{"taxonomy":"product_cat","embeddable":true,"href":"https:\/\/biasinijewelry.it\/de\/wp-json\/wp\/v2\/product_cat?post=15697"},{"taxonomy":"product_tag","embeddable":true,"href":"https:\/\/biasinijewelry.it\/de\/wp-json\/wp\/v2\/product_tag?post=15697"}],"curies":[{"name":"wp","href":"https:\/\/api.w.org\/{rel}","templated":true}]}}