{"id":15778,"date":"2025-05-06T09:52:20","date_gmt":"2025-05-06T07:52:20","guid":{"rendered":"https:\/\/biasinijewelry.it\/prodotto\/max-bill-automatic-bauhaus-white\/"},"modified":"2026-02-18T18:04:26","modified_gmt":"2026-02-18T17:04:26","slug":"max-bill-automatic-bauhaus-white","status":"publish","type":"product","link":"https:\/\/biasinijewelry.it\/de\/prodotto\/max-bill-automatic-bauhaus-white\/","title":{"rendered":"Max Bill Automatic Bauhaus &#8211; white"},"content":{"rendered":"<p><strong>Junghans max bill Automatic Bauhaus \u2013 Wei\u00df<\/strong><\/p>\n<p>Vor \u00fcber 100 Jahren wurde in Weimar das \u201eStaatliche Bauhaus\u201c gegr\u00fcndet. Mit den Entw\u00fcrfen des Bauhaus-Sch\u00fclers Max Bill lebt die Philosophie dieser Ideenschule in unseren max bill Modellen weiter. Dank ihres minimalistischen Designs sind sie heute ebenso zeitgem\u00e4\u00df wie zur Zeit ihrer ersten Produktion. Durch das Sichtfenster im Geh\u00e4useboden mit der Bauhaus-Darstellung l\u00e4sst sich das Innenleben des Uhrwerks bewundern.<\/p>\n","protected":false},"excerpt":{"rendered":"<p><strong>Werk<\/strong><br \/>\nAutomatikwerk Kaliber J800.1, Gangreserve 38 Stunden<\/p>\n<p><strong>Funktion<\/strong><br \/>\nDatumsanzeige in Rot<\/p>\n<p><strong>Geh\u00e4use<\/strong><br \/>\nEdelstahl \u00d8 38,0 mm, H\u00f6he 9,7 mm<\/p>\n<p><strong>Glas<\/strong><br \/>\nEntspiegeltes Saphirglas<\/p>\n<p><strong>Zifferblatt<\/strong><br \/>\nMattwei\u00df, Indizes und Zeiger mit umweltfreundlicher Leuchtmasse<\/p>\n<p><strong>Wasserdichtigkeit<\/strong><br \/>\nWasserdicht bis 5 bar<\/p>\n<p><strong>Armband<\/strong><br \/>\nKalbslederarmband mit Dornschlie\u00dfe aus Edelstahl<\/p>\n","protected":false},"featured_media":11790,"template":"","meta":{"_acf_changed":false,"inline_featured_image":false},"product_brand":[],"product_cat":[485,475],"product_tag":[],"class_list":{"0":"post-15778","1":"product","2":"type-product","3":"status-publish","4":"has-post-thumbnail","6":"product_cat-junghans","7":"product_cat-uhren","9":"first","10":"instock","11":"shipping-taxable","12":"purchasable","13":"product-type-simple"},"acf":[],"_links":{"self":[{"href":"https:\/\/biasinijewelry.it\/de\/wp-json\/wp\/v2\/product\/15778","targetHints":{"allow":["GET"]}}],"collection":[{"href":"https:\/\/biasinijewelry.it\/de\/wp-json\/wp\/v2\/product"}],"about":[{"href":"https:\/\/biasinijewelry.it\/de\/wp-json\/wp\/v2\/types\/product"}],"wp:featuredmedia":[{"embeddable":true,"href":"https:\/\/biasinijewelry.it\/de\/wp-json\/wp\/v2\/media\/11790"}],"wp:attachment":[{"href":"https:\/\/biasinijewelry.it\/de\/wp-json\/wp\/v2\/media?parent=15778"}],"wp:term":[{"taxonomy":"product_brand","embeddable":true,"href":"https:\/\/biasinijewelry.it\/de\/wp-json\/wp\/v2\/product_brand?post=15778"},{"taxonomy":"product_cat","embeddable":true,"href":"https:\/\/biasinijewelry.it\/de\/wp-json\/wp\/v2\/product_cat?post=15778"},{"taxonomy":"product_tag","embeddable":true,"href":"https:\/\/biasinijewelry.it\/de\/wp-json\/wp\/v2\/product_tag?post=15778"}],"curies":[{"name":"wp","href":"https:\/\/api.w.org\/{rel}","templated":true}]}}