{"id":15923,"date":"2026-02-25T17:30:52","date_gmt":"2026-02-25T16:30:52","guid":{"rendered":"https:\/\/biasinijewelry.it\/prodotto\/pesavento-ohrringe-pixel-wpxlo196\/"},"modified":"2026-02-25T17:30:52","modified_gmt":"2026-02-25T16:30:52","slug":"pesavento-ohrringe-pixel-wpxlo196","status":"publish","type":"product","link":"https:\/\/biasinijewelry.it\/de\/prodotto\/pesavento-ohrringe-pixel-wpxlo196\/","title":{"rendered":"Pesavento Ohrringe pixel &#8211; WPXLO196"},"content":{"rendered":"<p>Eine ikonische Kollektion, die die Urspr\u00fcnge der Marke zelebriert. Die R\u00fcckkehr einer ikonischen Kollektion in vier Themen: Boule, Ventagli, Incontri und Design. Leuchtende Texturen, Rhodium-Finish, Rosa und als absolute Neuheit Gelb. Ein Trio von Farbt\u00f6nen, das zum Experimentieren mit \u00dcberlagerungen einl\u00e4dt und immer neue Kombinationen erm\u00f6glicht. Eine Vielzahl verschiedener Formen und Volumen wurde geschaffen, um die Pers\u00f6nlichkeit jeder Frau zu unterstreichen. Eine Ode an die lebendige und moderne Weiblichkeit \u2013 eine Einladung, die eigene Einzigartigkeit zu feiern.<\/p>\n","protected":false},"excerpt":{"rendered":"<ul>\n<li>Tropfenohrringe pixel<\/li>\n<li>Silber 925 platiniert Rhodium gl\u00e4nzend<\/li>\n<\/ul>\n","protected":false},"featured_media":16162,"template":"","meta":{"_acf_changed":false,"inline_featured_image":false},"product_brand":[],"product_cat":[472,481],"product_tag":[],"class_list":{"0":"post-15923","1":"product","2":"type-product","3":"status-publish","4":"has-post-thumbnail","6":"product_cat-ohrringe","7":"product_cat-pesavento-de","9":"first","10":"instock","11":"shipping-taxable","12":"purchasable","13":"product-type-simple"},"acf":[],"_links":{"self":[{"href":"https:\/\/biasinijewelry.it\/de\/wp-json\/wp\/v2\/product\/15923","targetHints":{"allow":["GET"]}}],"collection":[{"href":"https:\/\/biasinijewelry.it\/de\/wp-json\/wp\/v2\/product"}],"about":[{"href":"https:\/\/biasinijewelry.it\/de\/wp-json\/wp\/v2\/types\/product"}],"wp:featuredmedia":[{"embeddable":true,"href":"https:\/\/biasinijewelry.it\/de\/wp-json\/wp\/v2\/media\/16162"}],"wp:attachment":[{"href":"https:\/\/biasinijewelry.it\/de\/wp-json\/wp\/v2\/media?parent=15923"}],"wp:term":[{"taxonomy":"product_brand","embeddable":true,"href":"https:\/\/biasinijewelry.it\/de\/wp-json\/wp\/v2\/product_brand?post=15923"},{"taxonomy":"product_cat","embeddable":true,"href":"https:\/\/biasinijewelry.it\/de\/wp-json\/wp\/v2\/product_cat?post=15923"},{"taxonomy":"product_tag","embeddable":true,"href":"https:\/\/biasinijewelry.it\/de\/wp-json\/wp\/v2\/product_tag?post=15923"}],"curies":[{"name":"wp","href":"https:\/\/api.w.org\/{rel}","templated":true}]}}